{"id":37881,"date":"2025-05-26T03:47:42","date_gmt":"2025-05-26T03:47:42","guid":{"rendered":"https:\/\/wp.storebuild.shop\/agntix\/?page_id=37881"},"modified":"2026-01-16T15:19:58","modified_gmt":"2026-01-16T14:19:58","slug":"portfolio-wrapper-slider","status":"publish","type":"page","link":"https:\/\/codefighters.pl\/","title":{"rendered":"Home"},"content":{"rendered":"\t\t<div data-elementor-type=\"wp-page\" data-elementor-id=\"37881\" class=\"elementor elementor-37881\">\n\t\t\t\t<div class=\"elementor-element elementor-element-75fcc17 e-con-full e-flex e-con e-parent\" data-id=\"75fcc17\" data-element_type=\"container\">\n\t\t\t\t<div class=\"elementor-element elementor-element-0bda251 elementor-widget elementor-widget-tp-portfolio-slider-1\" data-id=\"0bda251\" data-element_type=\"widget\" data-widget_type=\"tp-portfolio-slider-1.default\">\n\t\t\t\t<div class=\"elementor-widget-container\">\n\t\t\t\t\t\r\n\t\t\t\t\t<section class=\"tp-showcase-slider tp-el-section\">\r\n\t\t\t\t<div class=\"tp-showcase-slider-main p-relative\">\r\n\t\t\t\t\t<div class=\"swiper tp-showcase-slider-active\">\r\n\t\t\t\t\t\t<div class=\"swiper-wrapper\">\r\n\t\t\t\t\t\t\t\t\t\t\t\t\t\t\t<div class=\"swiper-slide\">\r\n\t\t\t\t\t\t\t\t\t<div class=\"tp-showcase-slider-bg\" style=\"background-image: url('https:\/\/codefighters.pl\/wp-content\/uploads\/2026\/01\/data-center-facility-employing-deep-learning-technology-scaled.jpg');\" data-swiper-parallax=\"1152\">\r\n\t\t\t\t\t\t\t\t\t\t<div class=\"container container-1300\">\r\n\t\t\t\t\t\t\t\t\t\t\t<div class=\"row\">\r\n\t\t\t\t\t\t\t\t\t\t\t\t<div class=\"tp-showcase-slider-content z-index-2\">\r\n\r\n\t\t\t\t\t\t\t\t\t\t\t\t\t\t\t\t\t\t\t\t\t\t\t\t\t\t\t<h6 class=\"tp-showcase-slider-subtitle  tp-el-sub-text\"\r\n\t\t\t\t\t\t\t\t\t\t\t\t\t\t\tdata-swiper-parallax=\"-1000\">\r\n\t\t\t\t\t\t\t\t\t\t\t\t\t\t\t Pe\u0142ne spektrum us\u0142ug informatycznych <br>  <br> <br>\t\t\t\t\t\t\t\t\t\t\t\t\t\t<\/h6>\r\n\t\t\t\t\t\t\t\t\t\t\t\t\t\r\n\t\t\t\t\t\t\t\t\t\t\t\t\t\r\n\t\t\t\t\t\t\t\t\t\t\t\t\t\t\t\t\t\t\t\t\t\t\t\t\t\t\t<a href=\"https:\/\/codefighters.pl\/?page_id=29744\" target=\"_self\" rel=\"nofollow\"\t\t\t\t\t\t\t\t\t\t\t\t\t\t\tclass=\"tp-btn-black btn-green-light-bg\">\r\n\t\t\t\t\t\t\t\t\t\t\t\t\t\t\t<span class=\"tp-btn-black-filter-blur\">\r\n\t\t\t\t\t\t\t\t\t\t\t\t\t\t\t\t<svg width=\"0\" height=\"0\">\r\n\t\t\t\t\t\t\t\t\t\t\t\t\t\t\t\t\t<defs>\r\n\t\t\t\t\t\t\t\t\t\t\t\t\t\t\t\t\t\t<filter id=\"buttonFilter3\">\r\n\t\t\t\t\t\t\t\t\t\t\t\t\t\t\t\t\t\t\t<feGaussianBlur in=\"SourceGraphic\" stdDeviation=\"5\"\r\n\t\t\t\t\t\t\t\t\t\t\t\t\t\t\t\t\t\t\t\tresult=\"blur\"><\/feGaussianBlur>\r\n\t\t\t\t\t\t\t\t\t\t\t\t\t\t\t\t\t\t\t<feColorMatrix in=\"blur\"\r\n\t\t\t\t\t\t\t\t\t\t\t\t\t\t\t\t\t\t\t\tvalues=\"1 0 0 0 0  0 1 0 0 0  0 0 1 0 0  0 0 0 19 -9\">\r\n\t\t\t\t\t\t\t\t\t\t\t\t\t\t\t\t\t\t\t<\/feColorMatrix>\r\n\t\t\t\t\t\t\t\t\t\t\t\t\t\t\t\t\t\t\t<feComposite in=\"SourceGraphic\" in2=\"buttonFilter3\"\r\n\t\t\t\t\t\t\t\t\t\t\t\t\t\t\t\t\t\t\t\toperator=\"atop\"><\/feComposite>\r\n\t\t\t\t\t\t\t\t\t\t\t\t\t\t\t\t\t\t\t<feBlend in=\"SourceGraphic\" in2=\"buttonFilter3\"><\/feBlend>\r\n\t\t\t\t\t\t\t\t\t\t\t\t\t\t\t\t\t\t<\/filter>\r\n\t\t\t\t\t\t\t\t\t\t\t\t\t\t\t\t\t<\/defs>\r\n\t\t\t\t\t\t\t\t\t\t\t\t\t\t\t\t<\/svg>\r\n\t\t\t\t\t\t\t\t\t\t\t\t\t\t\t<\/span>\r\n\t\t\t\t\t\t\t\t\t\t\t\t\t\t\t<span class=\"tp-btn-black-filter d-inline-flex align-items-center\"\r\n\t\t\t\t\t\t\t\t\t\t\t\t\t\t\t\tstyle=\"filter: url(#buttonFilter3)\">\r\n\t\t\t\t\t\t\t\t\t\t\t\t\t\t\t\t<span class=\"tp-btn-black-text tp-el-btn\">\r\n\t\t\t\t\t\t\t\t\t\t\t\t\t\t\t\t\tKliknij po wi\u0119cej \t\t\t\t\t\t\t\t\t\t\t\t\t\t\t\t<\/span>\r\n\t\t\t\t\t\t\t\t\t\t\t\t\t\t\t\t<span class=\"tp-btn-black-circle\">\r\n\t\t\t\t\t\t\t\t\t\t\t\t\t\t\t\t\t<svg width=\"10\" height=\"10\" viewBox=\"0 0 10 10\" fill=\"none\"\r\n\t\t\t\t\t\t\t\t\t\t\t\t\t\t\t\t\t\txmlns=\"http:\/\/www.w3.org\/2000\/svg\">\r\n\t\t\t\t\t\t\t\t\t\t\t\t\t\t\t\t\t\t<path d=\"M1 9L9 1M9 1H1M9 1V9\" stroke=\"currentcolor\"\r\n\t\t\t\t\t\t\t\t\t\t\t\t\t\t\t\t\t\t\tstroke-width=\"1.5\" stroke-linecap=\"round\"\r\n\t\t\t\t\t\t\t\t\t\t\t\t\t\t\t\t\t\t\tstroke-linejoin=\"round\" \/>\r\n\t\t\t\t\t\t\t\t\t\t\t\t\t\t\t\t\t<\/svg>\r\n\t\t\t\t\t\t\t\t\t\t\t\t\t\t\t\t<\/span>\r\n\t\t\t\t\t\t\t\t\t\t\t\t\t\t\t<\/span>\r\n\t\t\t\t\t\t\t\t\t\t\t\t\t\t<\/a>\r\n\t\t\t\t\t\t\t\t\t\t\t\t\t\t\t\t\t\t\t\t\t\t\t\t\t<\/div>\r\n\t\t\t\t\t\t\t\t\t\t\t<\/div>\r\n\t\t\t\t\t\t\t\t\t\t<\/div>\r\n\t\t\t\t\t\t\t\t\t<\/div>\r\n\t\t\t\t\t\t\t\t<\/div>\r\n\t\t\t\t\t\t\t\t\t\t\t\t\t\t\t<div class=\"swiper-slide\">\r\n\t\t\t\t\t\t\t\t\t<div class=\"tp-showcase-slider-bg\" style=\"background-image: url('https:\/\/codefighters.pl\/wp-content\/uploads\/2026\/01\/cybersecurity-digital-security-concept-scaled.jpg');\" data-swiper-parallax=\"1152\">\r\n\t\t\t\t\t\t\t\t\t\t<div class=\"container container-1300\">\r\n\t\t\t\t\t\t\t\t\t\t\t<div class=\"row\">\r\n\t\t\t\t\t\t\t\t\t\t\t\t<div class=\"tp-showcase-slider-content z-index-2\">\r\n\r\n\t\t\t\t\t\t\t\t\t\t\t\t\t\t\t\t\t\t\t\t\t\t\t\t\t\t\t<h6 class=\"tp-showcase-slider-subtitle  tp-el-sub-text\"\r\n\t\t\t\t\t\t\t\t\t\t\t\t\t\t\tdata-swiper-parallax=\"-1000\">\r\n\t\t\t\t\t\t\t\t\t\t\t\t\t\t\tCyberbezpiecze\u0144stwo <br>  <br> <br>\t\t\t\t\t\t\t\t\t\t\t\t\t\t<\/h6>\r\n\t\t\t\t\t\t\t\t\t\t\t\t\t\r\n\t\t\t\t\t\t\t\t\t\t\t\t\t\r\n\t\t\t\t\t\t\t\t\t\t\t\t\t\t\t\t\t\t\t\t\t\t\t\t\t\t\t<a href=\"https:\/\/codefighters.pl\/?page_id=29744\" target=\"_self\" rel=\"nofollow\"\t\t\t\t\t\t\t\t\t\t\t\t\t\t\tclass=\"tp-btn-black btn-green-light-bg\">\r\n\t\t\t\t\t\t\t\t\t\t\t\t\t\t\t<span class=\"tp-btn-black-filter-blur\">\r\n\t\t\t\t\t\t\t\t\t\t\t\t\t\t\t\t<svg width=\"0\" height=\"0\">\r\n\t\t\t\t\t\t\t\t\t\t\t\t\t\t\t\t\t<defs>\r\n\t\t\t\t\t\t\t\t\t\t\t\t\t\t\t\t\t\t<filter id=\"buttonFilter3\">\r\n\t\t\t\t\t\t\t\t\t\t\t\t\t\t\t\t\t\t\t<feGaussianBlur in=\"SourceGraphic\" stdDeviation=\"5\"\r\n\t\t\t\t\t\t\t\t\t\t\t\t\t\t\t\t\t\t\t\tresult=\"blur\"><\/feGaussianBlur>\r\n\t\t\t\t\t\t\t\t\t\t\t\t\t\t\t\t\t\t\t<feColorMatrix in=\"blur\"\r\n\t\t\t\t\t\t\t\t\t\t\t\t\t\t\t\t\t\t\t\tvalues=\"1 0 0 0 0  0 1 0 0 0  0 0 1 0 0  0 0 0 19 -9\">\r\n\t\t\t\t\t\t\t\t\t\t\t\t\t\t\t\t\t\t\t<\/feColorMatrix>\r\n\t\t\t\t\t\t\t\t\t\t\t\t\t\t\t\t\t\t\t<feComposite in=\"SourceGraphic\" in2=\"buttonFilter3\"\r\n\t\t\t\t\t\t\t\t\t\t\t\t\t\t\t\t\t\t\t\toperator=\"atop\"><\/feComposite>\r\n\t\t\t\t\t\t\t\t\t\t\t\t\t\t\t\t\t\t\t<feBlend in=\"SourceGraphic\" in2=\"buttonFilter3\"><\/feBlend>\r\n\t\t\t\t\t\t\t\t\t\t\t\t\t\t\t\t\t\t<\/filter>\r\n\t\t\t\t\t\t\t\t\t\t\t\t\t\t\t\t\t<\/defs>\r\n\t\t\t\t\t\t\t\t\t\t\t\t\t\t\t\t<\/svg>\r\n\t\t\t\t\t\t\t\t\t\t\t\t\t\t\t<\/span>\r\n\t\t\t\t\t\t\t\t\t\t\t\t\t\t\t<span class=\"tp-btn-black-filter d-inline-flex align-items-center\"\r\n\t\t\t\t\t\t\t\t\t\t\t\t\t\t\t\tstyle=\"filter: url(#buttonFilter3)\">\r\n\t\t\t\t\t\t\t\t\t\t\t\t\t\t\t\t<span class=\"tp-btn-black-text tp-el-btn\">\r\n\t\t\t\t\t\t\t\t\t\t\t\t\t\t\t\t\tKliknij po wi\u0119cej \t\t\t\t\t\t\t\t\t\t\t\t\t\t\t\t<\/span>\r\n\t\t\t\t\t\t\t\t\t\t\t\t\t\t\t\t<span class=\"tp-btn-black-circle\">\r\n\t\t\t\t\t\t\t\t\t\t\t\t\t\t\t\t\t<svg width=\"10\" height=\"10\" viewBox=\"0 0 10 10\" fill=\"none\"\r\n\t\t\t\t\t\t\t\t\t\t\t\t\t\t\t\t\t\txmlns=\"http:\/\/www.w3.org\/2000\/svg\">\r\n\t\t\t\t\t\t\t\t\t\t\t\t\t\t\t\t\t\t<path d=\"M1 9L9 1M9 1H1M9 1V9\" stroke=\"currentcolor\"\r\n\t\t\t\t\t\t\t\t\t\t\t\t\t\t\t\t\t\t\tstroke-width=\"1.5\" stroke-linecap=\"round\"\r\n\t\t\t\t\t\t\t\t\t\t\t\t\t\t\t\t\t\t\tstroke-linejoin=\"round\" \/>\r\n\t\t\t\t\t\t\t\t\t\t\t\t\t\t\t\t\t<\/svg>\r\n\t\t\t\t\t\t\t\t\t\t\t\t\t\t\t\t<\/span>\r\n\t\t\t\t\t\t\t\t\t\t\t\t\t\t\t<\/span>\r\n\t\t\t\t\t\t\t\t\t\t\t\t\t\t<\/a>\r\n\t\t\t\t\t\t\t\t\t\t\t\t\t\t\t\t\t\t\t\t\t\t\t\t\t<\/div>\r\n\t\t\t\t\t\t\t\t\t\t\t<\/div>\r\n\t\t\t\t\t\t\t\t\t\t<\/div>\r\n\t\t\t\t\t\t\t\t\t<\/div>\r\n\t\t\t\t\t\t\t\t<\/div>\r\n\t\t\t\t\t\t\t\t\t\t\t\t\t\t\t<div class=\"swiper-slide\">\r\n\t\t\t\t\t\t\t\t\t<div class=\"tp-showcase-slider-bg\" style=\"background-image: url('https:\/\/codefighters.pl\/wp-content\/uploads\/2026\/01\/5741168-scaled.jpg');\" data-swiper-parallax=\"1152\">\r\n\t\t\t\t\t\t\t\t\t\t<div class=\"container container-1300\">\r\n\t\t\t\t\t\t\t\t\t\t\t<div class=\"row\">\r\n\t\t\t\t\t\t\t\t\t\t\t\t<div class=\"tp-showcase-slider-content z-index-2\">\r\n\r\n\t\t\t\t\t\t\t\t\t\t\t\t\t\t\t\t\t\t\t\t\t\t\t\t\t\t\t<h6 class=\"tp-showcase-slider-subtitle  tp-el-sub-text\"\r\n\t\t\t\t\t\t\t\t\t\t\t\t\t\t\tdata-swiper-parallax=\"-1000\">\r\n\t\t\t\t\t\t\t\t\t\t\t\t\t\t\tStrony\/sklepy interentowe i aplikacje <br>  <br> <br>\t\t\t\t\t\t\t\t\t\t\t\t\t\t<\/h6>\r\n\t\t\t\t\t\t\t\t\t\t\t\t\t\r\n\t\t\t\t\t\t\t\t\t\t\t\t\t\r\n\t\t\t\t\t\t\t\t\t\t\t\t\t\t\t\t\t\t\t\t\t\t\t\t\t\t\t<a href=\"https:\/\/codefighters.pl\/?page_id=29744\" target=\"_self\" rel=\"nofollow\"\t\t\t\t\t\t\t\t\t\t\t\t\t\t\tclass=\"tp-btn-black btn-green-light-bg\">\r\n\t\t\t\t\t\t\t\t\t\t\t\t\t\t\t<span class=\"tp-btn-black-filter-blur\">\r\n\t\t\t\t\t\t\t\t\t\t\t\t\t\t\t\t<svg width=\"0\" height=\"0\">\r\n\t\t\t\t\t\t\t\t\t\t\t\t\t\t\t\t\t<defs>\r\n\t\t\t\t\t\t\t\t\t\t\t\t\t\t\t\t\t\t<filter id=\"buttonFilter3\">\r\n\t\t\t\t\t\t\t\t\t\t\t\t\t\t\t\t\t\t\t<feGaussianBlur in=\"SourceGraphic\" stdDeviation=\"5\"\r\n\t\t\t\t\t\t\t\t\t\t\t\t\t\t\t\t\t\t\t\tresult=\"blur\"><\/feGaussianBlur>\r\n\t\t\t\t\t\t\t\t\t\t\t\t\t\t\t\t\t\t\t<feColorMatrix in=\"blur\"\r\n\t\t\t\t\t\t\t\t\t\t\t\t\t\t\t\t\t\t\t\tvalues=\"1 0 0 0 0  0 1 0 0 0  0 0 1 0 0  0 0 0 19 -9\">\r\n\t\t\t\t\t\t\t\t\t\t\t\t\t\t\t\t\t\t\t<\/feColorMatrix>\r\n\t\t\t\t\t\t\t\t\t\t\t\t\t\t\t\t\t\t\t<feComposite in=\"SourceGraphic\" in2=\"buttonFilter3\"\r\n\t\t\t\t\t\t\t\t\t\t\t\t\t\t\t\t\t\t\t\toperator=\"atop\"><\/feComposite>\r\n\t\t\t\t\t\t\t\t\t\t\t\t\t\t\t\t\t\t\t<feBlend in=\"SourceGraphic\" in2=\"buttonFilter3\"><\/feBlend>\r\n\t\t\t\t\t\t\t\t\t\t\t\t\t\t\t\t\t\t<\/filter>\r\n\t\t\t\t\t\t\t\t\t\t\t\t\t\t\t\t\t<\/defs>\r\n\t\t\t\t\t\t\t\t\t\t\t\t\t\t\t\t<\/svg>\r\n\t\t\t\t\t\t\t\t\t\t\t\t\t\t\t<\/span>\r\n\t\t\t\t\t\t\t\t\t\t\t\t\t\t\t<span class=\"tp-btn-black-filter d-inline-flex align-items-center\"\r\n\t\t\t\t\t\t\t\t\t\t\t\t\t\t\t\tstyle=\"filter: url(#buttonFilter3)\">\r\n\t\t\t\t\t\t\t\t\t\t\t\t\t\t\t\t<span class=\"tp-btn-black-text tp-el-btn\">\r\n\t\t\t\t\t\t\t\t\t\t\t\t\t\t\t\t\tKliknij po wi\u0119cej \t\t\t\t\t\t\t\t\t\t\t\t\t\t\t\t<\/span>\r\n\t\t\t\t\t\t\t\t\t\t\t\t\t\t\t\t<span class=\"tp-btn-black-circle\">\r\n\t\t\t\t\t\t\t\t\t\t\t\t\t\t\t\t\t<svg width=\"10\" height=\"10\" viewBox=\"0 0 10 10\" fill=\"none\"\r\n\t\t\t\t\t\t\t\t\t\t\t\t\t\t\t\t\t\txmlns=\"http:\/\/www.w3.org\/2000\/svg\">\r\n\t\t\t\t\t\t\t\t\t\t\t\t\t\t\t\t\t\t<path d=\"M1 9L9 1M9 1H1M9 1V9\" stroke=\"currentcolor\"\r\n\t\t\t\t\t\t\t\t\t\t\t\t\t\t\t\t\t\t\tstroke-width=\"1.5\" stroke-linecap=\"round\"\r\n\t\t\t\t\t\t\t\t\t\t\t\t\t\t\t\t\t\t\tstroke-linejoin=\"round\" \/>\r\n\t\t\t\t\t\t\t\t\t\t\t\t\t\t\t\t\t<\/svg>\r\n\t\t\t\t\t\t\t\t\t\t\t\t\t\t\t\t<\/span>\r\n\t\t\t\t\t\t\t\t\t\t\t\t\t\t\t<\/span>\r\n\t\t\t\t\t\t\t\t\t\t\t\t\t\t<\/a>\r\n\t\t\t\t\t\t\t\t\t\t\t\t\t\t\t\t\t\t\t\t\t\t\t\t\t<\/div>\r\n\t\t\t\t\t\t\t\t\t\t\t<\/div>\r\n\t\t\t\t\t\t\t\t\t\t<\/div>\r\n\t\t\t\t\t\t\t\t\t<\/div>\r\n\t\t\t\t\t\t\t\t<\/div>\r\n\t\t\t\t\t\t\t\t\t\t\t\t\t\t\t<div class=\"swiper-slide\">\r\n\t\t\t\t\t\t\t\t\t<div class=\"tp-showcase-slider-bg\" style=\"background-image: url('https:\/\/codefighters.pl\/wp-content\/uploads\/2026\/01\/IT-support-helpdesk.jpg');\" data-swiper-parallax=\"1152\">\r\n\t\t\t\t\t\t\t\t\t\t<div class=\"container container-1300\">\r\n\t\t\t\t\t\t\t\t\t\t\t<div class=\"row\">\r\n\t\t\t\t\t\t\t\t\t\t\t\t<div class=\"tp-showcase-slider-content z-index-2\">\r\n\r\n\t\t\t\t\t\t\t\t\t\t\t\t\t\t\t\t\t\t\t\t\t\t\t\t\t\t\t<h6 class=\"tp-showcase-slider-subtitle  tp-el-sub-text\"\r\n\t\t\t\t\t\t\t\t\t\t\t\t\t\t\tdata-swiper-parallax=\"-1000\">\r\n\t\t\t\t\t\t\t\t\t\t\t\t\t\t\tKompleksowe wspacie na miejscu lub zdalnie <br>  <br> <br>\t\t\t\t\t\t\t\t\t\t\t\t\t\t<\/h6>\r\n\t\t\t\t\t\t\t\t\t\t\t\t\t\r\n\t\t\t\t\t\t\t\t\t\t\t\t\t\r\n\t\t\t\t\t\t\t\t\t\t\t\t\t\t\t\t\t\t\t\t\t\t\t\t\t\t\t<a href=\"https:\/\/codefighters.pl\/?page_id=29744\" target=\"_self\" rel=\"nofollow\"\t\t\t\t\t\t\t\t\t\t\t\t\t\t\tclass=\"tp-btn-black btn-green-light-bg\">\r\n\t\t\t\t\t\t\t\t\t\t\t\t\t\t\t<span class=\"tp-btn-black-filter-blur\">\r\n\t\t\t\t\t\t\t\t\t\t\t\t\t\t\t\t<svg width=\"0\" height=\"0\">\r\n\t\t\t\t\t\t\t\t\t\t\t\t\t\t\t\t\t<defs>\r\n\t\t\t\t\t\t\t\t\t\t\t\t\t\t\t\t\t\t<filter id=\"buttonFilter3\">\r\n\t\t\t\t\t\t\t\t\t\t\t\t\t\t\t\t\t\t\t<feGaussianBlur in=\"SourceGraphic\" stdDeviation=\"5\"\r\n\t\t\t\t\t\t\t\t\t\t\t\t\t\t\t\t\t\t\t\tresult=\"blur\"><\/feGaussianBlur>\r\n\t\t\t\t\t\t\t\t\t\t\t\t\t\t\t\t\t\t\t<feColorMatrix in=\"blur\"\r\n\t\t\t\t\t\t\t\t\t\t\t\t\t\t\t\t\t\t\t\tvalues=\"1 0 0 0 0  0 1 0 0 0  0 0 1 0 0  0 0 0 19 -9\">\r\n\t\t\t\t\t\t\t\t\t\t\t\t\t\t\t\t\t\t\t<\/feColorMatrix>\r\n\t\t\t\t\t\t\t\t\t\t\t\t\t\t\t\t\t\t\t<feComposite in=\"SourceGraphic\" in2=\"buttonFilter3\"\r\n\t\t\t\t\t\t\t\t\t\t\t\t\t\t\t\t\t\t\t\toperator=\"atop\"><\/feComposite>\r\n\t\t\t\t\t\t\t\t\t\t\t\t\t\t\t\t\t\t\t<feBlend in=\"SourceGraphic\" in2=\"buttonFilter3\"><\/feBlend>\r\n\t\t\t\t\t\t\t\t\t\t\t\t\t\t\t\t\t\t<\/filter>\r\n\t\t\t\t\t\t\t\t\t\t\t\t\t\t\t\t\t<\/defs>\r\n\t\t\t\t\t\t\t\t\t\t\t\t\t\t\t\t<\/svg>\r\n\t\t\t\t\t\t\t\t\t\t\t\t\t\t\t<\/span>\r\n\t\t\t\t\t\t\t\t\t\t\t\t\t\t\t<span class=\"tp-btn-black-filter d-inline-flex align-items-center\"\r\n\t\t\t\t\t\t\t\t\t\t\t\t\t\t\t\tstyle=\"filter: url(#buttonFilter3)\">\r\n\t\t\t\t\t\t\t\t\t\t\t\t\t\t\t\t<span class=\"tp-btn-black-text tp-el-btn\">\r\n\t\t\t\t\t\t\t\t\t\t\t\t\t\t\t\t\tKliknij po wi\u0119cej \t\t\t\t\t\t\t\t\t\t\t\t\t\t\t\t<\/span>\r\n\t\t\t\t\t\t\t\t\t\t\t\t\t\t\t\t<span class=\"tp-btn-black-circle\">\r\n\t\t\t\t\t\t\t\t\t\t\t\t\t\t\t\t\t<svg width=\"10\" height=\"10\" viewBox=\"0 0 10 10\" fill=\"none\"\r\n\t\t\t\t\t\t\t\t\t\t\t\t\t\t\t\t\t\txmlns=\"http:\/\/www.w3.org\/2000\/svg\">\r\n\t\t\t\t\t\t\t\t\t\t\t\t\t\t\t\t\t\t<path d=\"M1 9L9 1M9 1H1M9 1V9\" stroke=\"currentcolor\"\r\n\t\t\t\t\t\t\t\t\t\t\t\t\t\t\t\t\t\t\tstroke-width=\"1.5\" stroke-linecap=\"round\"\r\n\t\t\t\t\t\t\t\t\t\t\t\t\t\t\t\t\t\t\tstroke-linejoin=\"round\" \/>\r\n\t\t\t\t\t\t\t\t\t\t\t\t\t\t\t\t\t<\/svg>\r\n\t\t\t\t\t\t\t\t\t\t\t\t\t\t\t\t<\/span>\r\n\t\t\t\t\t\t\t\t\t\t\t\t\t\t\t<\/span>\r\n\t\t\t\t\t\t\t\t\t\t\t\t\t\t<\/a>\r\n\t\t\t\t\t\t\t\t\t\t\t\t\t\t\t\t\t\t\t\t\t\t\t\t\t<\/div>\r\n\t\t\t\t\t\t\t\t\t\t\t<\/div>\r\n\t\t\t\t\t\t\t\t\t\t<\/div>\r\n\t\t\t\t\t\t\t\t\t<\/div>\r\n\t\t\t\t\t\t\t\t<\/div>\r\n\t\t\t\t\t\t\t\t\t\t\t\t\t\t\t<div class=\"swiper-slide\">\r\n\t\t\t\t\t\t\t\t\t<div class=\"tp-showcase-slider-bg\" style=\"background-image: url('https:\/\/codefighters.pl\/wp-content\/uploads\/2026\/01\/hacker-using-computer-keyboard-with-data-visualization-scaled.jpg');\" data-swiper-parallax=\"1152\">\r\n\t\t\t\t\t\t\t\t\t\t<div class=\"container container-1300\">\r\n\t\t\t\t\t\t\t\t\t\t\t<div class=\"row\">\r\n\t\t\t\t\t\t\t\t\t\t\t\t<div class=\"tp-showcase-slider-content z-index-2\">\r\n\r\n\t\t\t\t\t\t\t\t\t\t\t\t\t\t\t\t\t\t\t\t\t\t\t\t\t\t\t<h6 class=\"tp-showcase-slider-subtitle  tp-el-sub-text\"\r\n\t\t\t\t\t\t\t\t\t\t\t\t\t\t\tdata-swiper-parallax=\"-1000\">\r\n\t\t\t\t\t\t\t\t\t\t\t\t\t\t\tSerwery, VM, NAS, kopie zapasowe <br>  <br> <br>\t\t\t\t\t\t\t\t\t\t\t\t\t\t<\/h6>\r\n\t\t\t\t\t\t\t\t\t\t\t\t\t\r\n\t\t\t\t\t\t\t\t\t\t\t\t\t\r\n\t\t\t\t\t\t\t\t\t\t\t\t\t\t\t\t\t\t\t\t\t\t\t\t\t\t\t<a href=\"https:\/\/codefighters.pl\/?page_id=29744\" target=\"_self\" rel=\"nofollow\"\t\t\t\t\t\t\t\t\t\t\t\t\t\t\tclass=\"tp-btn-black btn-green-light-bg\">\r\n\t\t\t\t\t\t\t\t\t\t\t\t\t\t\t<span class=\"tp-btn-black-filter-blur\">\r\n\t\t\t\t\t\t\t\t\t\t\t\t\t\t\t\t<svg width=\"0\" height=\"0\">\r\n\t\t\t\t\t\t\t\t\t\t\t\t\t\t\t\t\t<defs>\r\n\t\t\t\t\t\t\t\t\t\t\t\t\t\t\t\t\t\t<filter id=\"buttonFilter3\">\r\n\t\t\t\t\t\t\t\t\t\t\t\t\t\t\t\t\t\t\t<feGaussianBlur in=\"SourceGraphic\" stdDeviation=\"5\"\r\n\t\t\t\t\t\t\t\t\t\t\t\t\t\t\t\t\t\t\t\tresult=\"blur\"><\/feGaussianBlur>\r\n\t\t\t\t\t\t\t\t\t\t\t\t\t\t\t\t\t\t\t<feColorMatrix in=\"blur\"\r\n\t\t\t\t\t\t\t\t\t\t\t\t\t\t\t\t\t\t\t\tvalues=\"1 0 0 0 0  0 1 0 0 0  0 0 1 0 0  0 0 0 19 -9\">\r\n\t\t\t\t\t\t\t\t\t\t\t\t\t\t\t\t\t\t\t<\/feColorMatrix>\r\n\t\t\t\t\t\t\t\t\t\t\t\t\t\t\t\t\t\t\t<feComposite in=\"SourceGraphic\" in2=\"buttonFilter3\"\r\n\t\t\t\t\t\t\t\t\t\t\t\t\t\t\t\t\t\t\t\toperator=\"atop\"><\/feComposite>\r\n\t\t\t\t\t\t\t\t\t\t\t\t\t\t\t\t\t\t\t<feBlend in=\"SourceGraphic\" in2=\"buttonFilter3\"><\/feBlend>\r\n\t\t\t\t\t\t\t\t\t\t\t\t\t\t\t\t\t\t<\/filter>\r\n\t\t\t\t\t\t\t\t\t\t\t\t\t\t\t\t\t<\/defs>\r\n\t\t\t\t\t\t\t\t\t\t\t\t\t\t\t\t<\/svg>\r\n\t\t\t\t\t\t\t\t\t\t\t\t\t\t\t<\/span>\r\n\t\t\t\t\t\t\t\t\t\t\t\t\t\t\t<span class=\"tp-btn-black-filter d-inline-flex align-items-center\"\r\n\t\t\t\t\t\t\t\t\t\t\t\t\t\t\t\tstyle=\"filter: url(#buttonFilter3)\">\r\n\t\t\t\t\t\t\t\t\t\t\t\t\t\t\t\t<span class=\"tp-btn-black-text tp-el-btn\">\r\n\t\t\t\t\t\t\t\t\t\t\t\t\t\t\t\t\tKliknij po wi\u0119cej \t\t\t\t\t\t\t\t\t\t\t\t\t\t\t\t<\/span>\r\n\t\t\t\t\t\t\t\t\t\t\t\t\t\t\t\t<span class=\"tp-btn-black-circle\">\r\n\t\t\t\t\t\t\t\t\t\t\t\t\t\t\t\t\t<svg width=\"10\" height=\"10\" viewBox=\"0 0 10 10\" fill=\"none\"\r\n\t\t\t\t\t\t\t\t\t\t\t\t\t\t\t\t\t\txmlns=\"http:\/\/www.w3.org\/2000\/svg\">\r\n\t\t\t\t\t\t\t\t\t\t\t\t\t\t\t\t\t\t<path d=\"M1 9L9 1M9 1H1M9 1V9\" stroke=\"currentcolor\"\r\n\t\t\t\t\t\t\t\t\t\t\t\t\t\t\t\t\t\t\tstroke-width=\"1.5\" stroke-linecap=\"round\"\r\n\t\t\t\t\t\t\t\t\t\t\t\t\t\t\t\t\t\t\tstroke-linejoin=\"round\" \/>\r\n\t\t\t\t\t\t\t\t\t\t\t\t\t\t\t\t\t<\/svg>\r\n\t\t\t\t\t\t\t\t\t\t\t\t\t\t\t\t<\/span>\r\n\t\t\t\t\t\t\t\t\t\t\t\t\t\t\t<\/span>\r\n\t\t\t\t\t\t\t\t\t\t\t\t\t\t<\/a>\r\n\t\t\t\t\t\t\t\t\t\t\t\t\t\t\t\t\t\t\t\t\t\t\t\t\t<\/div>\r\n\t\t\t\t\t\t\t\t\t\t\t<\/div>\r\n\t\t\t\t\t\t\t\t\t\t<\/div>\r\n\t\t\t\t\t\t\t\t\t<\/div>\r\n\t\t\t\t\t\t\t\t<\/div>\r\n\t\t\t\t\t\t\t\t\t\t\t\t\t<\/div>\r\n\t\t\t\t\t\t\t\t\t\t\t\t\t<div class=\"tp-showcase-slider-button-wrap\">\r\n\t\t\t\t\t\t\t\t\t\t\t\t\t\t\t\t\t<div class=\"swiper-button-next tp-el-next\" tabindex=\"0\" role=\"button\" aria-label=\"Next slide\">\r\n\t\t\t\t\t\t\t\t\t\t<div><span>Nast\u0119pne<\/span><\/div>\r\n\t\t\t\t\t\t\t\t\t\t<div><i class=\"fas fa-chevron-right\"><\/i><\/div>\r\n\t\t\t\t\t\t\t\t\t<\/div>\r\n\t\t\t\t\t\t\t\t\t\t\t\t\t\t\t\t\t\t\t\t\t\t\t\t\t<div class=\"swiper-button-prev tp-el-prev\" tabindex=\"0\" role=\"button\" aria-label=\"Previous slide\">\r\n\t\t\t\t\t\t\t\t\t\t<div><i class=\"fas fa-chevron-left\"><\/i><\/div>\r\n\t\t\t\t\t\t\t\t\t\t<div><span>Poprzednie<\/span><\/div>\r\n\t\t\t\t\t\t\t\t\t<\/div>\r\n\t\t\t\t\t\t\t\t\t\t\t\t\t\t\t<\/div>\r\n\t\t\t\t\t\t\t\t\t\t\t\t\t\t\t\t\t\t\t<div class=\"swiper-pagination\"><\/div>\r\n\t\t\t\t\t\t\t\t\t\t\t<\/div>\r\n\t\t\t\t<\/div>\r\n\t\t\t<\/section>\r\n\t\t\t\t\t\t<\/div>\n\t\t\t\t<\/div>\n\t\t\t\t<\/div>\n\t\t\t\t<\/div>\n\t\t","protected":false},"excerpt":{"rendered":"<p>Pe\u0142ne spektrum us\u0142ug informatycznych Kliknij po wi\u0119cej Cyberbezpiecze\u0144stwo Kliknij po wi\u0119cej Strony\/sklepy interentowe i aplikacje Kliknij po wi\u0119cej Kompleksowe wspacie na miejscu lub zdalnie Kliknij po wi\u0119cej Serwery, VM, NAS, kopie zapasowe Kliknij po wi\u0119cej Nast\u0119pne Poprzednie<\/p>\n","protected":false},"author":1,"featured_media":0,"parent":0,"menu_order":0,"comment_status":"closed","ping_status":"closed","template":"elementor_header_footer","meta":{"footnotes":""},"class_list":["post-37881","page","type-page","status-publish","hentry"],"_links":{"self":[{"href":"https:\/\/codefighters.pl\/index.php?rest_route=\/wp\/v2\/pages\/37881","targetHints":{"allow":["GET"]}}],"collection":[{"href":"https:\/\/codefighters.pl\/index.php?rest_route=\/wp\/v2\/pages"}],"about":[{"href":"https:\/\/codefighters.pl\/index.php?rest_route=\/wp\/v2\/types\/page"}],"author":[{"embeddable":true,"href":"https:\/\/codefighters.pl\/index.php?rest_route=\/wp\/v2\/users\/1"}],"replies":[{"embeddable":true,"href":"https:\/\/codefighters.pl\/index.php?rest_route=%2Fwp%2Fv2%2Fcomments&post=37881"}],"version-history":[{"count":31,"href":"https:\/\/codefighters.pl\/index.php?rest_route=\/wp\/v2\/pages\/37881\/revisions"}],"predecessor-version":[{"id":48360,"href":"https:\/\/codefighters.pl\/index.php?rest_route=\/wp\/v2\/pages\/37881\/revisions\/48360"}],"wp:attachment":[{"href":"https:\/\/codefighters.pl\/index.php?rest_route=%2Fwp%2Fv2%2Fmedia&parent=37881"}],"curies":[{"name":"wp","href":"https:\/\/api.w.org\/{rel}","templated":true}]}}